{"id":9,"date":"2023-09-06T14:07:30","date_gmt":"2023-09-06T14:07:30","guid":{"rendered":"https:\/\/demosites.royal-elementor-addons.com\/solar-energy-v1\/?page_id=9"},"modified":"2024-07-30T15:40:29","modified_gmt":"2024-07-30T15:40:29","slug":"about","status":"publish","type":"page","link":"https:\/\/digitalfreelancer.org\/index.php\/about\/","title":{"rendered":"About"},"content":{"rendered":"\t\t<div data-elementor-type=\"wp-page\" data-elementor-id=\"9\" class=\"elementor elementor-9\">\n\t\t\t\t\t\t<section class=\"elementor-section elementor-top-section elementor-element elementor-element-5170393 elementor-section-boxed elementor-section-height-default elementor-section-height-default wpr-particle-no wpr-jarallax-no wpr-parallax-no wpr-sticky-section-no\" data-id=\"5170393\" data-element_type=\"section\" data-settings=\"{&quot;background_background&quot;:&quot;classic&quot;}\">\n\t\t\t\t\t\t\t<div class=\"elementor-background-overlay\"><\/div>\n\t\t\t\t\t\t\t<div class=\"elementor-container elementor-column-gap-default\">\n\t\t\t\t\t<div class=\"elementor-column elementor-col-100 elementor-top-column elementor-element elementor-element-c53ab0d\" data-id=\"c53ab0d\" data-element_type=\"column\">\n\t\t\t<div class=\"elementor-widget-wrap elementor-element-populated\">\n\t\t\t\t\t\t<div class=\"elementor-element elementor-element-b709dc4 elementor-widget elementor-widget-heading\" data-id=\"b709dc4\" data-element_type=\"widget\" data-widget_type=\"heading.default\">\n\t\t\t\t<div class=\"elementor-widget-container\">\n\t\t\t\t\t<h2 class=\"elementor-heading-title elementor-size-default\">Sobre<\/h2>\t\t\t\t<\/div>\n\t\t\t\t<\/div>\n\t\t\t\t<div class=\"elementor-element elementor-element-6971f64 elementor-widget elementor-widget-text-editor\" data-id=\"6971f64\" data-element_type=\"widget\" data-widget_type=\"text-editor.default\">\n\t\t\t\t<div class=\"elementor-widget-container\">\n\t\t\t\t\t\t\t\t\t<p>As nossas compet\u00cancias<\/p>\t\t\t\t\t\t\t\t<\/div>\n\t\t\t\t<\/div>\n\t\t\t\t\t<\/div>\n\t\t<\/div>\n\t\t\t\t\t<\/div>\n\t\t<\/section>\n\t\t\t\t<section class=\"elementor-section elementor-top-section elementor-element elementor-element-dbd083e elementor-section-boxed elementor-section-height-default elementor-section-height-default wpr-particle-no wpr-jarallax-no wpr-parallax-no wpr-sticky-section-no\" data-id=\"dbd083e\" data-element_type=\"section\">\n\t\t\t\t\t\t<div class=\"elementor-container elementor-column-gap-wide\">\n\t\t\t\t\t<div class=\"elementor-column elementor-col-50 elementor-top-column elementor-element elementor-element-6d62b65 elementor-invisible\" data-id=\"6d62b65\" data-element_type=\"column\" data-settings=\"{&quot;animation&quot;:&quot;slideInLeft&quot;}\">\n\t\t\t<div class=\"elementor-widget-wrap elementor-element-populated\">\n\t\t\t\t\t\t<div class=\"elementor-element elementor-element-4d61d9f elementor-widget elementor-widget-heading\" data-id=\"4d61d9f\" data-element_type=\"widget\" data-widget_type=\"heading.default\">\n\t\t\t\t<div class=\"elementor-widget-container\">\n\t\t\t\t\t<h2 class=\"elementor-heading-title elementor-size-default\">forma\u00e7\u00e3o adquirida<\/h2>\t\t\t\t<\/div>\n\t\t\t\t<\/div>\n\t\t\t\t<div class=\"elementor-element elementor-element-8f4c8b4 elementor-widget elementor-widget-text-editor\" data-id=\"8f4c8b4\" data-element_type=\"widget\" data-widget_type=\"text-editor.default\">\n\t\t\t\t<div class=\"elementor-widget-container\">\n\t\t\t\t\t\t\t\t\t<div id=\"comp-kwaz6uu3\" class=\"HcOXKn c9GqVL QxJLC3 comp-kwaz6uu3 wixui-rich-text\" data-testid=\"richTextElement\"><p class=\"font_8 wixui-rich-text__text\" style=\"font-size: 15px;\"><strong>EDX<br \/><\/strong>Data Analytics in Business e HTML5 and CSS Fundamentals<\/p><p><strong>skillstep<br \/><\/strong><br \/>Oracle database 12c: Program with PL\/SQL<br \/>Oracle Database 12c: Administration Workshop<br \/>Oracle Database 12c: Backup and Recovery Workshop<br \/>Oracle Database 12c: Install and Upgrade<br \/>Oracle database 12c: Introduction to SQL<\/p><\/div>\t\t\t\t\t\t\t\t<\/div>\n\t\t\t\t<\/div>\n\t\t\t\t\t<\/div>\n\t\t<\/div>\n\t\t\t\t<div class=\"elementor-column elementor-col-50 elementor-top-column elementor-element elementor-element-222b6ab elementor-invisible\" data-id=\"222b6ab\" data-element_type=\"column\" data-settings=\"{&quot;animation&quot;:&quot;slideInRight&quot;}\">\n\t\t\t<div class=\"elementor-widget-wrap elementor-element-populated\">\n\t\t\t\t\t\t<div class=\"elementor-element elementor-element-9f17a9f elementor-widget elementor-widget-text-editor\" data-id=\"9f17a9f\" data-element_type=\"widget\" data-widget_type=\"text-editor.default\">\n\t\t\t\t<div class=\"elementor-widget-container\">\n\t\t\t\t\t\t\t\t\t<div id=\"comp-kwaz6uu3\" class=\"HcOXKn c9GqVL QxJLC3 comp-kwaz6uu3 wixui-rich-text\" data-testid=\"richTextElement\"><p class=\"font_8 wixui-rich-text__text\" style=\"font-size: 15px;\"><strong>Semin\u00e1rios Online<\/strong><br \/>Adobe Acrobat 9;<br \/>Adobe Photoshop cs4;<br \/>Workshop SQL server 2005<br \/>Cursos de Certifica\u00e7\u00e3o Online<br \/>HTML; PHP; LINUX; ORACLE 10G; SQLSERVER; DELPHI; JAVA; VB.NET; FLASH<\/p><p class=\"font_8 wixui-rich-text__text\" style=\"font-size: 15px;\"><strong>ARM-SI<br \/><\/strong>Lotus Notes R5 \/ R6 \u2013 Inicia\u00e7\u00e3o \u00e0 Administra\u00e7\u00e3o<br \/>Lotus Notes R5 \/ R6 \u2013 Desenvolvimento Aplicacional<br \/>Lotus Notes R5 \/ R6 \u2013 Utiliza\u00e7\u00e3o<\/p><\/div>\t\t\t\t\t\t\t\t<\/div>\n\t\t\t\t<\/div>\n\t\t\t\t\t<\/div>\n\t\t<\/div>\n\t\t\t\t\t<\/div>\n\t\t<\/section>\n\t\t\t\t<section class=\"elementor-section elementor-top-section elementor-element elementor-element-056ce89 elementor-section-boxed elementor-section-height-default elementor-section-height-default wpr-particle-no wpr-jarallax-no wpr-parallax-no wpr-sticky-section-no\" data-id=\"056ce89\" data-element_type=\"section\">\n\t\t\t\t\t\t\t<div class=\"elementor-background-overlay\"><\/div>\n\t\t\t\t\t\t\t<div class=\"elementor-container elementor-column-gap-default\">\n\t\t\t\t\t<div class=\"elementor-column elementor-col-100 elementor-top-column elementor-element elementor-element-5f179b2 elementor-invisible\" data-id=\"5f179b2\" data-element_type=\"column\" data-settings=\"{&quot;animation&quot;:&quot;fadeIn&quot;}\">\n\t\t\t<div class=\"elementor-widget-wrap elementor-element-populated\">\n\t\t\t\t\t\t<section class=\"elementor-section elementor-inner-section elementor-element elementor-element-129b25f elementor-section-boxed elementor-section-height-default elementor-section-height-default wpr-particle-no wpr-jarallax-no wpr-parallax-no wpr-sticky-section-no\" data-id=\"129b25f\" data-element_type=\"section\">\n\t\t\t\t\t\t<div class=\"elementor-container elementor-column-gap-default\">\n\t\t\t\t\t<div class=\"elementor-column elementor-col-100 elementor-inner-column elementor-element elementor-element-cd9135b\" data-id=\"cd9135b\" data-element_type=\"column\">\n\t\t\t<div class=\"elementor-widget-wrap elementor-element-populated\">\n\t\t\t\t\t\t<div class=\"elementor-element elementor-element-9edc758 elementor-widget elementor-widget-heading\" data-id=\"9edc758\" data-element_type=\"widget\" data-widget_type=\"heading.default\">\n\t\t\t\t<div class=\"elementor-widget-container\">\n\t\t\t\t\t<h2 class=\"elementor-heading-title elementor-size-default\">compet\u00eancias digitais<span><\/span><\/h2>\t\t\t\t<\/div>\n\t\t\t\t<\/div>\n\t\t\t\t\t<\/div>\n\t\t<\/div>\n\t\t\t\t\t<\/div>\n\t\t<\/section>\n\t\t\t\t<div class=\"elementor-element elementor-element-c3c9c56 wpr-list-style-none elementor-widget elementor-widget-wpr-posts-timeline\" data-id=\"c3c9c56\" data-element_type=\"widget\" data-settings=\"{&quot;swiper_speed&quot;:500}\" data-widget_type=\"wpr-posts-timeline.default\">\n\t\t\t\t<div class=\"elementor-widget-container\">\n\t\t\t\t\t<div class=\"wpr-timeline-outer-container\"><div class=\"wpr-wrapper swiper wpr-horizontal-bottom\" dir=\"\" data-slidestoshow = \"3\" data-autoplay=\"\" data-loop=\"\" data-swiper-speed=\"500\" data-swiper-delay=\"0\" data-swiper-poh=\"\" data-swiper-space-between=\"5\"><div class=\"swiper-wrapper wpr-horizontal-bottom-timeline\"><div class=\"swiper-slide swiper-slide-line-top no elementor-repeater-item-940c2b5\"><div class=\"wpr-extra-label\" ><span class=\"wpr-label\" >Linguagens<\/span><\/div><div class=\"wpr-main-line-icon wpr-icon\"><svg aria-hidden=\"true\" class=\"e-font-icon-svg e-fas-code\" viewBox=\"0 0 640 512\" xmlns=\"http:\/\/www.w3.org\/2000\/svg\"><path d=\"M278.9 511.5l-61-17.7c-6.4-1.8-10-8.5-8.2-14.9L346.2 8.7c1.8-6.4 8.5-10 14.9-8.2l61 17.7c6.4 1.8 10 8.5 8.2 14.9L293.8 503.3c-1.9 6.4-8.5 10.1-14.9 8.2zm-114-112.2l43.5-46.4c4.6-4.9 4.3-12.7-.8-17.2L117 256l90.6-79.7c5.1-4.5 5.5-12.3.8-17.2l-43.5-46.4c-4.5-4.8-12.1-5.1-17-.5L3.8 247.2c-5.1 4.7-5.1 12.8 0 17.5l144.1 135.1c4.9 4.6 12.5 4.4 17-.5zm327.2.6l144.1-135.1c5.1-4.7 5.1-12.8 0-17.5L492.1 112.1c-4.8-4.5-12.4-4.3-17 .5L431.6 159c-4.6 4.9-4.3 12.7.8 17.2L523 256l-90.6 79.7c-5.1 4.5-5.5 12.3-.8 17.2l43.5 46.4c4.5 4.9 12.1 5.1 17 .6z\"><\/path><\/svg><\/div><div class=\"wpr-story-info \"><div class=\"wpr-timeline-content-wrapper\"><div class=\"wpr-description\"><p>Lotus Notes Domino<br \/>SQL<br \/>C\/C++<br \/>HTML<br \/>HTML5<br \/>CSS<br \/>CSS3<br \/>XML<br \/>ASP<br \/>Java Script<br \/>VB Script<br \/>Lisp<br \/>ASP.net<br \/>PHP<\/p><\/div><\/div><\/div><\/div><div class=\"swiper-slide swiper-slide-line-top no elementor-repeater-item-a6de89e\"><div class=\"wpr-extra-label\" ><span class=\"wpr-label\" >Sistemas<\/span><\/div><div class=\"wpr-main-line-icon wpr-icon\"><svg aria-hidden=\"true\" class=\"e-font-icon-svg e-fas-sync\" viewBox=\"0 0 512 512\" xmlns=\"http:\/\/www.w3.org\/2000\/svg\"><path d=\"M440.65 12.57l4 82.77A247.16 247.16 0 0 0 255.83 8C134.73 8 33.91 94.92 12.29 209.82A12 12 0 0 0 24.09 224h49.05a12 12 0 0 0 11.67-9.26 175.91 175.91 0 0 1 317-56.94l-101.46-4.86a12 12 0 0 0-12.57 12v47.41a12 12 0 0 0 12 12H500a12 12 0 0 0 12-12V12a12 12 0 0 0-12-12h-47.37a12 12 0 0 0-11.98 12.57zM255.83 432a175.61 175.61 0 0 1-146-77.8l101.8 4.87a12 12 0 0 0 12.57-12v-47.4a12 12 0 0 0-12-12H12a12 12 0 0 0-12 12V500a12 12 0 0 0 12 12h47.35a12 12 0 0 0 12-12.6l-4.15-82.57A247.17 247.17 0 0 0 255.83 504c121.11 0 221.93-86.92 243.55-201.82a12 12 0 0 0-11.8-14.18h-49.05a12 12 0 0 0-11.67 9.26A175.86 175.86 0 0 1 255.83 432z\"><\/path><\/svg><\/div><div class=\"wpr-story-info \"><div class=\"wpr-timeline-content-wrapper\"><div class=\"wpr-description\"><p class=\"font_8 wixui-rich-text__text\">Windows 3.X, 9X, NT 4.0, 2000 \/ 2003, Me, XP, Vista, 7<\/p><p class=\"font_8 wixui-rich-text__text\">Unix (Fedora Core, CentOS)<\/p><\/div><\/div><\/div><\/div><div class=\"swiper-slide swiper-slide-line-top no elementor-repeater-item-47be66e\"><div class=\"wpr-extra-label\" ><span class=\"wpr-label\" >Software de uso geral<\/span><\/div><div class=\"wpr-main-line-icon wpr-icon\"><svg aria-hidden=\"true\" class=\"e-font-icon-svg e-fab-microsoft\" viewBox=\"0 0 448 512\" xmlns=\"http:\/\/www.w3.org\/2000\/svg\"><path d=\"M0 32h214.6v214.6H0V32zm233.4 0H448v214.6H233.4V32zM0 265.4h214.6V480H0V265.4zm233.4 0H448V480H233.4V265.4z\"><\/path><\/svg><\/div><div class=\"wpr-story-info \"><div class=\"wpr-timeline-content-wrapper\"><div class=\"wpr-description\"><p class=\"font_8 wixui-rich-text__text\">Microsoft Office 9X \/ 2000 \/ XP \/ 2003 \/ 2007 \/ 2010<br \/>Microsoft Visual Studio 6.0<br \/>Microsoft Visual Studio .NET 2003<br \/>Zend Development Environment<br \/>Adobe Acrobat 5.0, 6.0, 7.0, 8.0, 9.0<br \/>Macromedia<br \/>ACDsee 8.0<br \/>OpenOffice<br \/>LibreOffice<br \/>StarOffice<br \/>Lotus Notes R.5, R.6, R.7<br \/>Teamviewer<br \/>Mozzila Thunderbird<br \/>Terminals<br \/>VMWare vSphere Client<br \/>Veeam Backup<br \/>VMware Player<br \/>MobaXterm<\/p><\/div><\/div><\/div><\/div><\/div>\n\t\t\t<!-- Add Pagination -->        \n\t\t\t<div class=\"wpr-swiper-pagination\"><\/div>\n\t\t\t<!-- Add Arrows -->\n\t\t\t<div class=\"wpr-button-prev wpr-timeline-prev-arrow wpr-timeline-prev-c3c9c56\">\n\t\t\t\t<svg version=\"1.1\" xmlns=\"http:\/\/www.w3.org\/2000\/svg\" xmlns:xlink=\"http:\/\/www.w3.org\/1999\/xlink\" x=\"0px\" y=\"0px\" viewBox=\"0 0 291.4 512\" style=\"enable-background:new 0 0 291.4 512;\" xml:space=\"preserve\"><g><path class=\"st0\" d=\"M281.1,451.5c13.8,13.8,13.8,36.3,0,50.1c-13.8,13.8-36.3,13.8-50.1,0L10.4,281C3.5,274.1,0,265.1,0,256c0-9.1,3.5-18.1,10.4-25L231,10.4c13.8-13.8,36.3-13.8,50.1,0c6.9,6.9,10.4,16,10.4,25s-3.5,18.1-10.4,25L85.5,256L281.1,451.5z\"\/><\/g><\/svg>\n\t\t\t<\/div>\n\t\t\t<div class=\"wpr-button-next wpr-timeline-next-arrow wpr-timeline-next-c3c9c56\">\n\t\t\t\t<svg version=\"1.1\" xmlns=\"http:\/\/www.w3.org\/2000\/svg\" xmlns:xlink=\"http:\/\/www.w3.org\/1999\/xlink\" x=\"0px\" y=\"0px\" viewBox=\"0 0 291.4 512\" style=\"enable-background:new 0 0 291.4 512;\" xml:space=\"preserve\"><g><path class=\"st0\" d=\"M281.1,451.5c13.8,13.8,13.8,36.3,0,50.1c-13.8,13.8-36.3,13.8-50.1,0L10.4,281C3.5,274.1,0,265.1,0,256c0-9.1,3.5-18.1,10.4-25L231,10.4c13.8-13.8,36.3-13.8,50.1,0c6.9,6.9,10.4,16,10.4,25s-3.5,18.1-10.4,25L85.5,256L281.1,451.5z\"\/><\/g><\/svg>\n\t\t\t<\/div>\n\t\t<\/div><\/div>\t\t\t\t<\/div>\n\t\t\t\t<\/div>\n\t\t\t\t\t<\/div>\n\t\t<\/div>\n\t\t\t\t\t<\/div>\n\t\t<\/section>\n\t\t\t\t<\/div>\n\t\t","protected":false},"excerpt":{"rendered":"<p>Sobre As nossas compet\u00cancias forma\u00e7\u00e3o adquirida EDXData Analytics in Business e HTML5 and CSS Fundamentals skillstepOracle database 12c: Program with PL\/SQLOracle Database 12c: Administration WorkshopOracle Database 12c: Backup and Recovery WorkshopOracle Database 12c: Install and UpgradeOracle database 12c: Introduction to SQL Semin\u00e1rios OnlineAdobe Acrobat 9;Adobe Photoshop cs4;Workshop SQL server 2005Cursos de Certifica\u00e7\u00e3o OnlineHTML; PHP; LINUX; ORACLE 10G; SQLSERVER; DELPHI; JAVA; VB.NET; FLASH ARM-SILotus Notes R5 \/ R6 \u2013 Inicia\u00e7\u00e3o \u00e0 Administra\u00e7\u00e3oLotus Notes R5 \/ R6 \u2013 Desenvolvimento AplicacionalLotus Notes R5 \/ R6 \u2013 Utiliza\u00e7\u00e3o compet\u00eancias digitais Linguagens Lotus Notes DominoSQLC\/C++HTMLHTML5CSSCSS3XMLASPJava ScriptVB ScriptLispASP.netPHP Sistemas Windows 3.X, 9X, NT 4.0, 2000 \/ 2003, Me, XP, Vista, 7 Unix (Fedora Core, CentOS) Software de uso geral Microsoft Office 9X \/ 2000 \/ XP \/ 2003 \/ 2007 \/ 2010Microsoft Visual Studio 6.0Microsoft Visual Studio .NET 2003Zend Development EnvironmentAdobe Acrobat 5.0, 6.0, 7.0, 8.0, 9.0MacromediaACDsee 8.0OpenOfficeLibreOfficeStarOfficeLotus Notes R.5, R.6, R.7TeamviewerMozzila ThunderbirdTerminalsVMWare vSphere ClientVeeam BackupVMware PlayerMobaXterm<\/p>\n","protected":false},"author":1,"featured_media":0,"parent":0,"menu_order":0,"comment_status":"closed","ping_status":"closed","template":"elementor_canvas","meta":{"footnotes":""},"class_list":["post-9","page","type-page","status-publish","hentry"],"_links":{"self":[{"href":"https:\/\/digitalfreelancer.org\/index.php\/wp-json\/wp\/v2\/pages\/9","targetHints":{"allow":["GET"]}}],"collection":[{"href":"https:\/\/digitalfreelancer.org\/index.php\/wp-json\/wp\/v2\/pages"}],"about":[{"href":"https:\/\/digitalfreelancer.org\/index.php\/wp-json\/wp\/v2\/types\/page"}],"author":[{"embeddable":true,"href":"https:\/\/digitalfreelancer.org\/index.php\/wp-json\/wp\/v2\/users\/1"}],"replies":[{"embeddable":true,"href":"https:\/\/digitalfreelancer.org\/index.php\/wp-json\/wp\/v2\/comments?post=9"}],"version-history":[{"count":12,"href":"https:\/\/digitalfreelancer.org\/index.php\/wp-json\/wp\/v2\/pages\/9\/revisions"}],"predecessor-version":[{"id":2363,"href":"https:\/\/digitalfreelancer.org\/index.php\/wp-json\/wp\/v2\/pages\/9\/revisions\/2363"}],"wp:attachment":[{"href":"https:\/\/digitalfreelancer.org\/index.php\/wp-json\/wp\/v2\/media?parent=9"}],"curies":[{"name":"wp","href":"https:\/\/api.w.org\/{rel}","templated":true}]}}