{"id":3200,"date":"2026-01-07T16:15:22","date_gmt":"2026-01-07T16:15:22","guid":{"rendered":"https:\/\/digitalfreelancer.org\/?page_id=3200"},"modified":"2026-01-07T17:10:42","modified_gmt":"2026-01-07T17:10:42","slug":"obrigado","status":"publish","type":"page","link":"https:\/\/digitalfreelancer.org\/index.php\/obrigado\/","title":{"rendered":"obrigado"},"content":{"rendered":"\t\t<div data-elementor-type=\"wp-page\" data-elementor-id=\"3200\" class=\"elementor elementor-3200\">\n\t\t\t\t\t\t<section class=\"elementor-section elementor-top-section elementor-element elementor-element-0e314e7 elementor-section-boxed elementor-section-height-default elementor-section-height-default wpr-particle-no wpr-jarallax-no wpr-parallax-no wpr-sticky-section-no\" data-id=\"0e314e7\" data-element_type=\"section\" data-settings=\"{&quot;background_background&quot;:&quot;classic&quot;}\">\n\t\t\t\t\t\t\t<div class=\"elementor-background-overlay\"><\/div>\n\t\t\t\t\t\t\t<div class=\"elementor-container elementor-column-gap-default\">\n\t\t\t\t\t<div class=\"elementor-column elementor-col-100 elementor-top-column elementor-element elementor-element-70b740e\" data-id=\"70b740e\" data-element_type=\"column\">\n\t\t\t<div class=\"elementor-widget-wrap elementor-element-populated\">\n\t\t\t\t\t\t<div class=\"elementor-element elementor-element-1cb31f3 elementor-widget elementor-widget-heading\" data-id=\"1cb31f3\" data-element_type=\"widget\" data-widget_type=\"heading.default\">\n\t\t\t\t<div class=\"elementor-widget-container\">\n\t\t\t\t\t<h2 class=\"elementor-heading-title elementor-size-default\">Obrigada<\/h2>\t\t\t\t<\/div>\n\t\t\t\t<\/div>\n\t\t\t\t\t<\/div>\n\t\t<\/div>\n\t\t\t\t\t<\/div>\n\t\t<\/section>\n\t\t\t\t<section class=\"elementor-section elementor-top-section elementor-element elementor-element-2fb6a73 elementor-section-boxed elementor-section-height-default elementor-section-height-default wpr-particle-no wpr-jarallax-no wpr-parallax-no wpr-sticky-section-no\" data-id=\"2fb6a73\" data-element_type=\"section\">\n\t\t\t\t\t\t<div class=\"elementor-container elementor-column-gap-default\">\n\t\t\t\t\t<div class=\"elementor-column elementor-col-100 elementor-top-column elementor-element elementor-element-c7b3491\" data-id=\"c7b3491\" data-element_type=\"column\" data-settings=\"{&quot;background_background&quot;:&quot;classic&quot;}\">\n\t\t\t<div class=\"elementor-widget-wrap elementor-element-populated\">\n\t\t\t\t\t\t<section class=\"elementor-section elementor-inner-section elementor-element elementor-element-1828889 elementor-section-boxed elementor-section-height-default elementor-section-height-default wpr-particle-no wpr-jarallax-no wpr-parallax-no wpr-sticky-section-no\" data-id=\"1828889\" data-element_type=\"section\">\n\t\t\t\t\t\t<div class=\"elementor-container elementor-column-gap-default\">\n\t\t\t\t\t<div class=\"elementor-column elementor-col-100 elementor-inner-column elementor-element elementor-element-8fc3a19\" data-id=\"8fc3a19\" data-element_type=\"column\">\n\t\t\t<div class=\"elementor-widget-wrap elementor-element-populated\">\n\t\t\t\t\t\t<div class=\"elementor-element elementor-element-e593428 elementor-widget elementor-widget-html\" data-id=\"e593428\" data-element_type=\"widget\" data-widget_type=\"html.default\">\n\t\t\t\t<div class=\"elementor-widget-container\">\n\t\t\t\t\t<!DOCTYPE html>\n<html lang=\"pt-PT\">\n<head>\n  <meta charset=\"UTF-8\">\n  <meta name=\"viewport\" content=\"width=device-width, initial-scale=1.0\">\n  <title>Obrigado pelo seu pedido<\/title>\n  <style>\n    body {\n      font-family: Arial, Helvetica, sans-serif;\n      margin: 0;\n      padding: 0;\n      background: #f7f7f7;\n      color: #333;\n      line-height: 1.6;\n    }\n    .container {\n      max-width: 700px;\n      margin: 100px auto;\n      padding: 40px 20px;\n      background: #ffffff;\n      text-align: center;\n      border-radius: 10px;\n      box-shadow: 0 4px 12px rgba(0,0,0,0.1);\n    }\n    h1 {\n      font-size: 2.2rem;\n      color: #1f2937;\n      margin-bottom: 20px;\n    }\n    p {\n      font-size: 1.1rem;\n      margin-bottom: 30px;\n    }\n    .cta-btn {\n      display: inline-block;\n      padding: 14px 28px;\n      background: #f97316; \/* Laranja *\/\n      color: #ffffff;\n      text-decoration: none;\n      border-radius: 6px;\n      font-weight: bold;\n      transition: background 0.3s ease;\n    }\n    .cta-btn:hover {\n      background: #ea580c; \/* Laranja mais escuro no hover *\/\n    }\n    footer {\n      text-align: center;\n      margin-top: 60px;\n      font-size: 0.9rem;\n      color: #6b7280;\n    }\n  <\/style>\n<\/head>\n<body>\n\n  <div class=\"container\">\n    <h1>Obrigado pelo seu pedido!<\/h1>\n    <p>Recebemos a sua solicita\u00e7\u00e3o de diagn\u00f3stico de automa\u00e7\u00e3o WordPress. <br>\n       Em breve entrarei em contacto para agendar uma an\u00e1lise pr\u00e1tica do seu processo.<\/p>\n    <a href=\"https:\/\/digitalfreelancer.org\" class=\"cta-btn\">Voltar \u00e0 p\u00e1gina inicial<\/a>\n  <\/div>\n\n  <footer>\n \n  <\/footer>\n\n<\/body>\n<\/html>\n\t\t\t\t<\/div>\n\t\t\t\t<\/div>\n\t\t\t\t\t<\/div>\n\t\t<\/div>\n\t\t\t\t\t<\/div>\n\t\t<\/section>\n\t\t\t\t\t<\/div>\n\t\t<\/div>\n\t\t\t\t\t<\/div>\n\t\t<\/section>\n\t\t\t\t<\/div>\n\t\t","protected":false},"excerpt":{"rendered":"<p>Obrigada Obrigado pelo seu pedido Obrigado pelo seu pedido! Recebemos a sua solicita\u00e7\u00e3o de diagn\u00f3stico de automa\u00e7\u00e3o WordPress. Em breve entrarei em contacto para agendar uma an\u00e1lise pr\u00e1tica do seu processo. Voltar \u00e0 p\u00e1gina inicial<\/p>\n","protected":false},"author":1,"featured_media":0,"parent":0,"menu_order":0,"comment_status":"closed","ping_status":"closed","template":"elementor_canvas","meta":{"footnotes":""},"class_list":["post-3200","page","type-page","status-publish","hentry"],"_links":{"self":[{"href":"https:\/\/digitalfreelancer.org\/index.php\/wp-json\/wp\/v2\/pages\/3200","targetHints":{"allow":["GET"]}}],"collection":[{"href":"https:\/\/digitalfreelancer.org\/index.php\/wp-json\/wp\/v2\/pages"}],"about":[{"href":"https:\/\/digitalfreelancer.org\/index.php\/wp-json\/wp\/v2\/types\/page"}],"author":[{"embeddable":true,"href":"https:\/\/digitalfreelancer.org\/index.php\/wp-json\/wp\/v2\/users\/1"}],"replies":[{"embeddable":true,"href":"https:\/\/digitalfreelancer.org\/index.php\/wp-json\/wp\/v2\/comments?post=3200"}],"version-history":[{"count":7,"href":"https:\/\/digitalfreelancer.org\/index.php\/wp-json\/wp\/v2\/pages\/3200\/revisions"}],"predecessor-version":[{"id":3214,"href":"https:\/\/digitalfreelancer.org\/index.php\/wp-json\/wp\/v2\/pages\/3200\/revisions\/3214"}],"wp:attachment":[{"href":"https:\/\/digitalfreelancer.org\/index.php\/wp-json\/wp\/v2\/media?parent=3200"}],"curies":[{"name":"wp","href":"https:\/\/api.w.org\/{rel}","templated":true}]}}